{"id":22462,"date":"2025-10-08T11:48:14","date_gmt":"2025-10-08T11:48:14","guid":{"rendered":"https:\/\/cir-icbp.com\/?page_id=22462"},"modified":"2025-10-13T11:16:58","modified_gmt":"2025-10-13T11:16:58","slug":"jovana-popovic","status":"publish","type":"page","link":"https:\/\/cir-icbp.com\/sr\/asistenti-u-nastavi-bg\/jovana-popovic\/","title":{"rendered":"Jovana Popovi\u0107"},"content":{"rendered":"\t\t<div data-elementor-type=\"wp-page\" data-elementor-id=\"22462\" class=\"elementor elementor-22462\" data-elementor-post-type=\"page\">\n\t\t\t\t<div class=\"elementor-element elementor-element-5a35920 e-con-full elementor-hidden-mobile e-flex e-con e-parent\" data-id=\"5a35920\" data-element_type=\"container\" data-e-type=\"container\" data-settings=\"{&quot;background_background&quot;:&quot;classic&quot;}\">\n\t\t\t\t<div class=\"elementor-element elementor-element-e36aa46 elementor-widget elementor-widget-text-editor\" data-id=\"e36aa46\" data-element_type=\"widget\" data-e-type=\"widget\" data-widget_type=\"text-editor.default\">\n\t\t\t\t<div class=\"elementor-widget-container\">\n\t\t\t\t\t\t\t\t\t<p><strong>JOVANA POPOVI\u0106<\/strong><\/p>\t\t\t\t\t\t\t\t<\/div>\n\t\t\t\t<\/div>\n\t\t\t\t<div class=\"elementor-element elementor-element-f9543ab elementor-widget elementor-widget-image\" data-id=\"f9543ab\" data-element_type=\"widget\" data-e-type=\"widget\" data-widget_type=\"image.default\">\n\t\t\t\t<div class=\"elementor-widget-container\">\n\t\t\t\t\t\t\t\t\t\t\t\t\t\t\t<img fetchpriority=\"high\" decoding=\"async\" width=\"600\" height=\"600\" src=\"https:\/\/cir-icbp.com\/novi-web\/wp-content\/uploads\/2025\/09\/Jovana-Popovic-600pxOK.jpg\" class=\"attachment-full size-full wp-image-22253\" alt=\"\" srcset=\"https:\/\/cir-icbp.com\/novi-web\/wp-content\/uploads\/2025\/09\/Jovana-Popovic-600pxOK.jpg 600w, https:\/\/cir-icbp.com\/novi-web\/wp-content\/uploads\/2025\/09\/Jovana-Popovic-600pxOK-300x300.jpg 300w, https:\/\/cir-icbp.com\/novi-web\/wp-content\/uploads\/2025\/09\/Jovana-Popovic-600pxOK-150x150.jpg 150w\" sizes=\"(max-width: 600px) 100vw, 600px\" \/>\t\t\t\t\t\t\t\t\t\t\t\t\t\t\t<\/div>\n\t\t\t\t<\/div>\n\t\t\t\t<div class=\"elementor-element elementor-element-5b92b67 elementor-widget elementor-widget-text-editor\" data-id=\"5b92b67\" data-element_type=\"widget\" data-e-type=\"widget\" data-widget_type=\"text-editor.default\">\n\t\t\t\t<div class=\"elementor-widget-container\">\n\t\t\t\t\t\t\t\t\t<p>Svoje profesionalno iskustvo u radu sa telesnom psihoterapijom zapo\u010dela sam 2023. godine, a od 2025. godine deo sam tima Centra za integrativni razvoj u Beogradu, gde u\u010destvujem u edukaciji kao asistentkinja u nastavi.<\/p><p>Posebno me zanimaju teme razvojne traume, emocionalne disocijacije, unutra\u0161njeg deteta, kao i kontakt i granice. Verujem da se kroz rad sa telom otvara prostor za dublje razumevanje unutra\u0161njih iskustava, a terapijski proces do\u017eivljavam kao priliku da osoba, kroz kontakt sa sobom, povrati ose\u0107aj celovitosti i pokrene tihe slojeve svoje \u017eivotne snage.<\/p><p>U radu mi je va\u017eno da zajedno stvaramo siguran i podr\u017eavaju\u0107i prostor, u kojem klijent mo\u017ee da se oseti vi\u0111eno, prihva\u0107eno i slobodno da istra\u017euje svoje emocionalno iskustvo.<\/p><p>Pristupam svakoj osobi s po\u0161tovanjem prema njenom ritmu, pa\u017eljivo prate\u0107i njenu unutra\u0161nju spremnost za kontakt i promenu.<\/p>\t\t\t\t\t\t\t\t<\/div>\n\t\t\t\t<\/div>\n\t\t\t\t<div class=\"elementor-element elementor-element-a506e13 elementor-widget elementor-widget-spacer\" data-id=\"a506e13\" data-element_type=\"widget\" data-e-type=\"widget\" data-widget_type=\"spacer.default\">\n\t\t\t\t<div class=\"elementor-widget-container\">\n\t\t\t\t\t\t\t<div class=\"elementor-spacer\">\n\t\t\t<div class=\"elementor-spacer-inner\"><\/div>\n\t\t<\/div>\n\t\t\t\t\t\t<\/div>\n\t\t\t\t<\/div>\n\t\t\t\t<div class=\"elementor-element elementor-element-1be5cc0 elementor-widget elementor-widget-text-editor\" data-id=\"1be5cc0\" data-element_type=\"widget\" data-e-type=\"widget\" data-widget_type=\"text-editor.default\">\n\t\t\t\t<div class=\"elementor-widget-container\">\n\t\t\t\t\t\t\t\t\t<p><strong>Profesionalna edukacija:<\/strong><\/p><ul><li>2024 \u2013 Edukacija za voditelja strukturnih sistemskih konstelacija, Akademija sistemskih konstelacija Svjetlane Bukovec<\/li><li>2024 \u2013 Integrative Core Dynamics, Centar za integrativni razvoj Zagreb; Terapeutski trening<\/li><li>Program psihoterapijske propedeutike, Centar za psihoterapijske studije, Beograd<\/li><li>2020 \u2013 Integrative Core Dynamics, Centar za integrativni razvoj Beograd; Edukacija iz integrativne telesne psihoterapije<\/li><\/ul>\t\t\t\t\t\t\t\t<\/div>\n\t\t\t\t<\/div>\n\t\t\t\t<div class=\"elementor-element elementor-element-c1c29a2 elementor-widget elementor-widget-spacer\" data-id=\"c1c29a2\" data-element_type=\"widget\" data-e-type=\"widget\" data-widget_type=\"spacer.default\">\n\t\t\t\t<div class=\"elementor-widget-container\">\n\t\t\t\t\t\t\t<div class=\"elementor-spacer\">\n\t\t\t<div class=\"elementor-spacer-inner\"><\/div>\n\t\t<\/div>\n\t\t\t\t\t\t<\/div>\n\t\t\t\t<\/div>\n\t\t\t\t<div class=\"elementor-element elementor-element-0a9f79b elementor-widget elementor-widget-spacer\" data-id=\"0a9f79b\" data-element_type=\"widget\" data-e-type=\"widget\" data-widget_type=\"spacer.default\">\n\t\t\t\t<div class=\"elementor-widget-container\">\n\t\t\t\t\t\t\t<div class=\"elementor-spacer\">\n\t\t\t<div class=\"elementor-spacer-inner\"><\/div>\n\t\t<\/div>\n\t\t\t\t\t\t<\/div>\n\t\t\t\t<\/div>\n\t\t\t\t<\/div>\n\t\t<div class=\"elementor-element elementor-element-5f84667 e-con-full elementor-hidden-desktop elementor-hidden-tablet e-flex e-con e-parent\" data-id=\"5f84667\" data-element_type=\"container\" data-e-type=\"container\" data-settings=\"{&quot;background_background&quot;:&quot;classic&quot;}\">\n\t\t\t\t<div class=\"elementor-element elementor-element-3372780 elementor-widget elementor-widget-text-editor\" data-id=\"3372780\" data-element_type=\"widget\" data-e-type=\"widget\" data-widget_type=\"text-editor.default\">\n\t\t\t\t<div class=\"elementor-widget-container\">\n\t\t\t\t\t\t\t\t\t<p><strong>JOVANA POPOVI\u0106<\/strong><\/p>\t\t\t\t\t\t\t\t<\/div>\n\t\t\t\t<\/div>\n\t\t\t\t<div class=\"elementor-element elementor-element-f98c62b elementor-widget elementor-widget-image\" data-id=\"f98c62b\" data-element_type=\"widget\" data-e-type=\"widget\" data-widget_type=\"image.default\">\n\t\t\t\t<div class=\"elementor-widget-container\">\n\t\t\t\t\t\t\t\t\t\t\t\t\t\t\t<img fetchpriority=\"high\" decoding=\"async\" width=\"600\" height=\"600\" src=\"https:\/\/cir-icbp.com\/novi-web\/wp-content\/uploads\/2025\/09\/Jovana-Popovic-600pxOK.jpg\" class=\"attachment-full size-full wp-image-22253\" alt=\"\" srcset=\"https:\/\/cir-icbp.com\/novi-web\/wp-content\/uploads\/2025\/09\/Jovana-Popovic-600pxOK.jpg 600w, https:\/\/cir-icbp.com\/novi-web\/wp-content\/uploads\/2025\/09\/Jovana-Popovic-600pxOK-300x300.jpg 300w, https:\/\/cir-icbp.com\/novi-web\/wp-content\/uploads\/2025\/09\/Jovana-Popovic-600pxOK-150x150.jpg 150w\" sizes=\"(max-width: 600px) 100vw, 600px\" \/>\t\t\t\t\t\t\t\t\t\t\t\t\t\t\t<\/div>\n\t\t\t\t<\/div>\n\t\t\t\t<div class=\"elementor-element elementor-element-7f9337f elementor-widget elementor-widget-text-editor\" data-id=\"7f9337f\" data-element_type=\"widget\" data-e-type=\"widget\" data-widget_type=\"text-editor.default\">\n\t\t\t\t<div class=\"elementor-widget-container\">\n\t\t\t\t\t\t\t\t\t<p>Svoje profesionalno iskustvo u radu sa telesnom psihoterapijom zapo\u010dela sam 2023. godine, a od 2025. godine deo sam tima Centra za integrativni razvoj u Beogradu, gde u\u010destvujem u edukaciji kao asistentkinja u nastavi.<\/p><p>Posebno me zanimaju teme razvojne traume, emocionalne disocijacije, unutra\u0161njeg deteta, kao i kontakt i granice. Verujem da se kroz rad sa telom otvara prostor za dublje razumevanje unutra\u0161njih iskustava, a terapijski proces do\u017eivljavam kao priliku da osoba, kroz kontakt sa sobom, povrati ose\u0107aj celovitosti i pokrene tihe slojeve svoje \u017eivotne snage.<\/p><p>U radu mi je va\u017eno da zajedno stvaramo siguran i podr\u017eavaju\u0107i prostor, u kojem klijent mo\u017ee da se oseti vi\u0111eno, prihva\u0107eno i slobodno da istra\u017euje svoje emocionalno iskustvo.<\/p><p>Pristupam svakoj osobi s po\u0161tovanjem prema njenom ritmu, pa\u017eljivo prate\u0107i njenu unutra\u0161nju spremnost za kontakt i promenu.<\/p>\t\t\t\t\t\t\t\t<\/div>\n\t\t\t\t<\/div>\n\t\t\t\t<div class=\"elementor-element elementor-element-2af9a2f elementor-widget elementor-widget-spacer\" data-id=\"2af9a2f\" data-element_type=\"widget\" data-e-type=\"widget\" data-widget_type=\"spacer.default\">\n\t\t\t\t<div class=\"elementor-widget-container\">\n\t\t\t\t\t\t\t<div class=\"elementor-spacer\">\n\t\t\t<div class=\"elementor-spacer-inner\"><\/div>\n\t\t<\/div>\n\t\t\t\t\t\t<\/div>\n\t\t\t\t<\/div>\n\t\t\t\t<div class=\"elementor-element elementor-element-a9d1ed5 elementor-widget elementor-widget-text-editor\" data-id=\"a9d1ed5\" data-element_type=\"widget\" data-e-type=\"widget\" data-widget_type=\"text-editor.default\">\n\t\t\t\t<div class=\"elementor-widget-container\">\n\t\t\t\t\t\t\t\t\t<p><strong>Profesionalna edukacija:<\/strong><\/p><ul><li>2024 \u2013 Edukacija za voditelja strukturnih sistemskih konstelacija, Akademija sistemskih konstelacija Svjetlane Bukovec<\/li><li>2024 \u2013 Integrative Core Dynamics, Centar za integrativni razvoj Zagreb; Terapeutski trening<\/li><li>Program psihoterapijske propedeutike, Centar za psihoterapijske studije, Beograd<\/li><li>2020 \u2013 Integrative Core Dynamics, Centar za integrativni razvoj Beograd; Edukacija iz integrativne telesne psihoterapije<\/li><\/ul>\t\t\t\t\t\t\t\t<\/div>\n\t\t\t\t<\/div>\n\t\t\t\t<div class=\"elementor-element elementor-element-ccd42e9 elementor-widget elementor-widget-spacer\" data-id=\"ccd42e9\" data-element_type=\"widget\" data-e-type=\"widget\" data-widget_type=\"spacer.default\">\n\t\t\t\t<div class=\"elementor-widget-container\">\n\t\t\t\t\t\t\t<div class=\"elementor-spacer\">\n\t\t\t<div class=\"elementor-spacer-inner\"><\/div>\n\t\t<\/div>\n\t\t\t\t\t\t<\/div>\n\t\t\t\t<\/div>\n\t\t\t\t<\/div>\n\t\t<div class=\"elementor-element elementor-element-c559809 elementor-hidden-desktop elementor-hidden-tablet e-flex e-con-boxed e-con e-parent\" data-id=\"c559809\" data-element_type=\"container\" data-e-type=\"container\" data-settings=\"{&quot;background_background&quot;:&quot;classic&quot;}\">\n\t\t\t\t\t<div class=\"e-con-inner\">\n\t\t\t\t<div class=\"elementor-element elementor-element-3de5badb elementor-widget elementor-widget-heading\" data-id=\"3de5badb\" data-element_type=\"widget\" data-e-type=\"widget\" data-widget_type=\"heading.default\">\n\t\t\t\t<div class=\"elementor-widget-container\">\n\t\t\t\t\t<h3 class=\"elementor-heading-title elementor-size-default\">NEWSLETTER<\/h3>\t\t\t\t<\/div>\n\t\t\t\t<\/div>\n\t\t\t\t<div class=\"elementor-element elementor-element-1f663b81 elementor-widget elementor-widget-text-editor\" data-id=\"1f663b81\" data-element_type=\"widget\" data-e-type=\"widget\" data-widget_type=\"text-editor.default\">\n\t\t\t\t<div class=\"elementor-widget-container\">\n\t\t\t\t\t\t\t\t\t<p>Prijavi se na na\u0161 newsletter i postani<br \/>deo CIR ICBP zajednice.<\/p>\t\t\t\t\t\t\t\t<\/div>\n\t\t\t\t<\/div>\n\t\t\t\t<div class=\"elementor-element elementor-element-71b9d39d elementor-widget elementor-widget-spacer\" data-id=\"71b9d39d\" data-element_type=\"widget\" data-e-type=\"widget\" data-widget_type=\"spacer.default\">\n\t\t\t\t<div class=\"elementor-widget-container\">\n\t\t\t\t\t\t\t<div class=\"elementor-spacer\">\n\t\t\t<div class=\"elementor-spacer-inner\"><\/div>\n\t\t<\/div>\n\t\t\t\t\t\t<\/div>\n\t\t\t\t<\/div>\n\t\t<div class=\"elementor-element elementor-element-2f38c390 elementor-hidden-desktop elementor-hidden-tablet e-con-full e-flex e-con e-child\" data-id=\"2f38c390\" data-element_type=\"container\" data-e-type=\"container\" data-settings=\"{&quot;background_background&quot;:&quot;classic&quot;}\">\n\t\t\t\t<div class=\"elementor-element elementor-element-d973d3d elementor-mobile-align-justify elementor-align-center elementor-widget elementor-widget-button\" data-id=\"d973d3d\" data-element_type=\"widget\" data-e-type=\"widget\" data-widget_type=\"button.default\">\n\t\t\t\t<div class=\"elementor-widget-container\">\n\t\t\t\t\t\t\t\t\t<div class=\"elementor-button-wrapper\">\n\t\t\t\t\t<a class=\"elementor-button elementor-button-link elementor-size-sm\" href=\"http:\/\/eepurl.com\/iNCk-k\" target=\"_blank\">\n\t\t\t\t\t\t<span class=\"elementor-button-content-wrapper\">\n\t\t\t\t\t\t\t\t\t<span class=\"elementor-button-text\">PRIJAVI SE<\/span>\n\t\t\t\t\t<\/span>\n\t\t\t\t\t<\/a>\n\t\t\t\t<\/div>\n\t\t\t\t\t\t\t\t<\/div>\n\t\t\t\t<\/div>\n\t\t\t\t<div class=\"elementor-element elementor-element-4ad96cae elementor-widget elementor-widget-spacer\" data-id=\"4ad96cae\" data-element_type=\"widget\" data-e-type=\"widget\" data-widget_type=\"spacer.default\">\n\t\t\t\t<div class=\"elementor-widget-container\">\n\t\t\t\t\t\t\t<div class=\"elementor-spacer\">\n\t\t\t<div class=\"elementor-spacer-inner\"><\/div>\n\t\t<\/div>\n\t\t\t\t\t\t<\/div>\n\t\t\t\t<\/div>\n\t\t\t\t<\/div>\n\t\t\t\t\t<\/div>\n\t\t\t\t<\/div>\n\t\t<div class=\"elementor-element elementor-element-443db70c elementor-hidden-mobile e-con-full e-flex e-con e-parent\" data-id=\"443db70c\" data-element_type=\"container\" data-e-type=\"container\" data-settings=\"{&quot;background_background&quot;:&quot;classic&quot;}\">\n\t\t\t\t<div class=\"elementor-element elementor-element-67066104 elementor-widget elementor-widget-heading\" data-id=\"67066104\" data-element_type=\"widget\" data-e-type=\"widget\" data-widget_type=\"heading.default\">\n\t\t\t\t<div class=\"elementor-widget-container\">\n\t\t\t\t\t<h3 class=\"elementor-heading-title elementor-size-default\">NEWSLETTER<\/h3>\t\t\t\t<\/div>\n\t\t\t\t<\/div>\n\t\t\t\t<div class=\"elementor-element elementor-element-7414c5f4 elementor-widget elementor-widget-text-editor\" data-id=\"7414c5f4\" data-element_type=\"widget\" data-e-type=\"widget\" data-widget_type=\"text-editor.default\">\n\t\t\t\t<div class=\"elementor-widget-container\">\n\t\t\t\t\t\t\t\t\t<p>Prijavi se na na\u0161 newsletter i postani<br \/>deo CIR ICBP zajednice.<\/p>\t\t\t\t\t\t\t\t<\/div>\n\t\t\t\t<\/div>\n\t\t\t\t<div class=\"elementor-element elementor-element-56171247 elementor-widget elementor-widget-spacer\" data-id=\"56171247\" data-element_type=\"widget\" data-e-type=\"widget\" data-widget_type=\"spacer.default\">\n\t\t\t\t<div class=\"elementor-widget-container\">\n\t\t\t\t\t\t\t<div class=\"elementor-spacer\">\n\t\t\t<div class=\"elementor-spacer-inner\"><\/div>\n\t\t<\/div>\n\t\t\t\t\t\t<\/div>\n\t\t\t\t<\/div>\n\t\t<div class=\"elementor-element elementor-element-7d34ba1a e-con-full elementor-hidden-mobile e-flex e-con e-child\" data-id=\"7d34ba1a\" data-element_type=\"container\" data-e-type=\"container\" data-settings=\"{&quot;background_background&quot;:&quot;classic&quot;}\">\n\t\t<div class=\"elementor-element elementor-element-58e40fcd e-con-full e-flex e-con e-child\" data-id=\"58e40fcd\" data-element_type=\"container\" data-e-type=\"container\">\n\t\t\t\t<\/div>\n\t\t<div class=\"elementor-element elementor-element-6082dc19 e-con-full e-flex e-con e-child\" data-id=\"6082dc19\" data-element_type=\"container\" data-e-type=\"container\">\n\t\t<div class=\"elementor-element elementor-element-43ac99c2 e-grid e-con-full e-con e-child\" data-id=\"43ac99c2\" data-element_type=\"container\" data-e-type=\"container\">\n\t\t\t\t<div class=\"elementor-element elementor-element-74c81236 elementor-widget elementor-widget-text-editor\" data-id=\"74c81236\" data-element_type=\"widget\" data-e-type=\"widget\" data-widget_type=\"text-editor.default\">\n\t\t\t\t<div class=\"elementor-widget-container\">\n\t\t\t\t\t\t\t\t\t<p>+25 GODINA ISKUSTVA<\/p>\t\t\t\t\t\t\t\t<\/div>\n\t\t\t\t<\/div>\n\t\t\t\t<div class=\"elementor-element elementor-element-2b5e586d elementor-widget elementor-widget-text-editor\" data-id=\"2b5e586d\" data-element_type=\"widget\" data-e-type=\"widget\" data-widget_type=\"text-editor.default\">\n\t\t\t\t<div class=\"elementor-widget-container\">\n\t\t\t\t\t\t\t\t\t<p>STOTINE ZADOVOLJNIH POLAZNIKA<\/p>\t\t\t\t\t\t\t\t<\/div>\n\t\t\t\t<\/div>\n\t\t\t\t<div class=\"elementor-element elementor-element-617b8d86 elementor-widget elementor-widget-text-editor\" data-id=\"617b8d86\" data-element_type=\"widget\" data-e-type=\"widget\" data-widget_type=\"text-editor.default\">\n\t\t\t\t<div class=\"elementor-widget-container\">\n\t\t\t\t\t\t\t\t\t<p>ISKUSAN I STRU\u010cAN TIM<\/p>\t\t\t\t\t\t\t\t<\/div>\n\t\t\t\t<\/div>\n\t\t\t\t<div class=\"elementor-element elementor-element-6383ea87 elementor-widget elementor-widget-text-editor\" data-id=\"6383ea87\" data-element_type=\"widget\" data-e-type=\"widget\" data-widget_type=\"text-editor.default\">\n\t\t\t\t<div class=\"elementor-widget-container\">\n\t\t\t\t\t\t\t\t\t<p>AKREDITOVANA EDUKACIJA<\/p>\t\t\t\t\t\t\t\t<\/div>\n\t\t\t\t<\/div>\n\t\t\t\t<\/div>\n\t\t\t\t<\/div>\n\t\t<div class=\"elementor-element elementor-element-66f13d42 e-con-full e-flex e-con e-child\" data-id=\"66f13d42\" data-element_type=\"container\" data-e-type=\"container\">\n\t\t\t\t<\/div>\n\t\t\t\t<\/div>\n\t\t<div class=\"elementor-element elementor-element-77bbec31 elementor-hidden-mobile e-con-full e-flex e-con e-child\" data-id=\"77bbec31\" data-element_type=\"container\" data-e-type=\"container\" data-settings=\"{&quot;background_background&quot;:&quot;classic&quot;}\">\n\t\t\t\t<div class=\"elementor-element elementor-element-f9b1b73 elementor-mobile-align-justify elementor-align-center elementor-widget elementor-widget-button\" data-id=\"f9b1b73\" data-element_type=\"widget\" data-e-type=\"widget\" data-widget_type=\"button.default\">\n\t\t\t\t<div class=\"elementor-widget-container\">\n\t\t\t\t\t\t\t\t\t<div class=\"elementor-button-wrapper\">\n\t\t\t\t\t<a class=\"elementor-button elementor-button-link elementor-size-sm\" href=\"http:\/\/eepurl.com\/iNCk-k\" target=\"_blank\">\n\t\t\t\t\t\t<span class=\"elementor-button-content-wrapper\">\n\t\t\t\t\t\t\t\t\t<span class=\"elementor-button-text\">PRIJAVI SE<\/span>\n\t\t\t\t\t<\/span>\n\t\t\t\t\t<\/a>\n\t\t\t\t<\/div>\n\t\t\t\t\t\t\t\t<\/div>\n\t\t\t\t<\/div>\n\t\t\t\t<div class=\"elementor-element elementor-element-72748af4 elementor-widget elementor-widget-spacer\" data-id=\"72748af4\" data-element_type=\"widget\" data-e-type=\"widget\" data-widget_type=\"spacer.default\">\n\t\t\t\t<div class=\"elementor-widget-container\">\n\t\t\t\t\t\t\t<div class=\"elementor-spacer\">\n\t\t\t<div class=\"elementor-spacer-inner\"><\/div>\n\t\t<\/div>\n\t\t\t\t\t\t<\/div>\n\t\t\t\t<\/div>\n\t\t\t\t<\/div>\n\t\t\t\t<\/div>\n\t\t<div class=\"elementor-element elementor-element-353b368c e-con-full elementor-hidden-mobile e-flex e-con e-parent\" data-id=\"353b368c\" data-element_type=\"container\" data-e-type=\"container\" data-settings=\"{&quot;background_background&quot;:&quot;classic&quot;}\">\n\t\t\t\t<div class=\"elementor-element elementor-element-4af8181c elementor-widget elementor-widget-spacer\" data-id=\"4af8181c\" data-element_type=\"widget\" data-e-type=\"widget\" data-widget_type=\"spacer.default\">\n\t\t\t\t<div class=\"elementor-widget-container\">\n\t\t\t\t\t\t\t<div class=\"elementor-spacer\">\n\t\t\t<div class=\"elementor-spacer-inner\"><\/div>\n\t\t<\/div>\n\t\t\t\t\t\t<\/div>\n\t\t\t\t<\/div>\n\t\t<div class=\"elementor-element elementor-element-3cee9f5 e-grid e-con-full elementor-hidden-tablet elementor-hidden-mobile e-con e-child\" data-id=\"3cee9f5\" data-element_type=\"container\" data-e-type=\"container\">\n\t\t\t\t<div class=\"elementor-element elementor-element-46f951d1 elementor-widget elementor-widget-image\" data-id=\"46f951d1\" data-element_type=\"widget\" data-e-type=\"widget\" data-widget_type=\"image.default\">\n\t\t\t\t<div class=\"elementor-widget-container\">\n\t\t\t\t\t\t\t\t\t\t\t\t\t\t\t\t<a href=\"https:\/\/savezpsihoterapeuta.org\/\" target=\"_blank\">\n\t\t\t\t\t\t\t<img decoding=\"async\" width=\"225\" height=\"95\" src=\"https:\/\/cir-icbp.com\/novi-web\/wp-content\/uploads\/2025\/01\/Saveza-drustava-psihoterapeuta-Srbije-SDPS-logo2025.png\" class=\"attachment-full size-full wp-image-13751\" alt=\"\" \/>\t\t\t\t\t\t\t\t<\/a>\n\t\t\t\t\t\t\t\t\t\t\t\t\t\t\t<\/div>\n\t\t\t\t<\/div>\n\t\t\t\t<div class=\"elementor-element elementor-element-26b66ab3 elementor-widget elementor-widget-image\" data-id=\"26b66ab3\" data-element_type=\"widget\" data-e-type=\"widget\" data-widget_type=\"image.default\">\n\t\t\t\t<div class=\"elementor-widget-container\">\n\t\t\t\t\t\t\t\t\t\t\t\t\t\t\t\t<a href=\"https:\/\/eurotas.world\/\" target=\"_blank\">\n\t\t\t\t\t\t\t<img decoding=\"async\" width=\"476\" height=\"317\" src=\"https:\/\/cir-icbp.com\/novi-web\/wp-content\/uploads\/2024\/12\/EUROTAS-SYMBOL@2x.png\" class=\"attachment-large size-large wp-image-13393\" alt=\"\" srcset=\"https:\/\/cir-icbp.com\/novi-web\/wp-content\/uploads\/2024\/12\/EUROTAS-SYMBOL@2x.png 476w, https:\/\/cir-icbp.com\/novi-web\/wp-content\/uploads\/2024\/12\/EUROTAS-SYMBOL@2x-300x200.png 300w\" sizes=\"(max-width: 476px) 100vw, 476px\" \/>\t\t\t\t\t\t\t\t<\/a>\n\t\t\t\t\t\t\t\t\t\t\t\t\t\t\t<\/div>\n\t\t\t\t<\/div>\n\t\t\t\t<div class=\"elementor-element elementor-element-27c73e0f elementor-widget elementor-widget-image\" data-id=\"27c73e0f\" data-element_type=\"widget\" data-e-type=\"widget\" data-widget_type=\"image.default\">\n\t\t\t\t<div class=\"elementor-widget-container\">\n\t\t\t\t\t\t\t\t\t\t\t\t\t\t\t\t<a href=\"https:\/\/eabp.org\/\" target=\"_blank\">\n\t\t\t\t\t\t\t<img loading=\"lazy\" decoding=\"async\" width=\"667\" height=\"313\" src=\"https:\/\/cir-icbp.com\/novi-web\/wp-content\/uploads\/2024\/12\/EABP-VECTOR-LOGO.png\" class=\"attachment-large size-large wp-image-13417\" alt=\"\" srcset=\"https:\/\/cir-icbp.com\/novi-web\/wp-content\/uploads\/2024\/12\/EABP-VECTOR-LOGO.png 667w, https:\/\/cir-icbp.com\/novi-web\/wp-content\/uploads\/2024\/12\/EABP-VECTOR-LOGO-300x141.png 300w\" sizes=\"(max-width: 667px) 100vw, 667px\" \/>\t\t\t\t\t\t\t\t<\/a>\n\t\t\t\t\t\t\t\t\t\t\t\t\t\t\t<\/div>\n\t\t\t\t<\/div>\n\t\t\t\t<\/div>\n\t\t\t\t<\/div>\n\t\t<div class=\"elementor-element elementor-element-78c3e2d8 e-con-full elementor-hidden-desktop elementor-hidden-tablet e-flex e-con e-parent\" data-id=\"78c3e2d8\" data-element_type=\"container\" data-e-type=\"container\" data-settings=\"{&quot;background_background&quot;:&quot;classic&quot;}\">\n\t\t<div class=\"elementor-element elementor-element-1bdda375 e-con-full e-flex e-con e-child\" data-id=\"1bdda375\" data-element_type=\"container\" data-e-type=\"container\">\n\t\t<div class=\"elementor-element elementor-element-312f18e3 e-grid e-con-full elementor-hidden-desktop e-con e-child\" data-id=\"312f18e3\" data-element_type=\"container\" data-e-type=\"container\">\n\t\t\t\t<div class=\"elementor-element elementor-element-3035f2c5 elementor-widget elementor-widget-image\" data-id=\"3035f2c5\" data-element_type=\"widget\" data-e-type=\"widget\" data-widget_type=\"image.default\">\n\t\t\t\t<div class=\"elementor-widget-container\">\n\t\t\t\t\t\t\t\t\t\t\t\t\t\t\t\t<a href=\"https:\/\/savezpsihoterapeuta.org\/\" target=\"_blank\">\n\t\t\t\t\t\t\t<img decoding=\"async\" width=\"225\" height=\"95\" src=\"https:\/\/cir-icbp.com\/novi-web\/wp-content\/uploads\/2025\/01\/Saveza-drustava-psihoterapeuta-Srbije-SDPS-logo2025.png\" class=\"attachment-full size-full wp-image-13751\" alt=\"\" \/>\t\t\t\t\t\t\t\t<\/a>\n\t\t\t\t\t\t\t\t\t\t\t\t\t\t\t<\/div>\n\t\t\t\t<\/div>\n\t\t\t\t<div class=\"elementor-element elementor-element-6e1e9864 e-transform elementor-widget elementor-widget-image\" data-id=\"6e1e9864\" data-element_type=\"widget\" data-e-type=\"widget\" data-settings=\"{&quot;_transform_translateX_effect_mobile&quot;:{&quot;unit&quot;:&quot;px&quot;,&quot;size&quot;:-20,&quot;sizes&quot;:[]},&quot;_transform_translateX_effect&quot;:{&quot;unit&quot;:&quot;px&quot;,&quot;size&quot;:&quot;&quot;,&quot;sizes&quot;:[]},&quot;_transform_translateX_effect_tablet&quot;:{&quot;unit&quot;:&quot;px&quot;,&quot;size&quot;:&quot;&quot;,&quot;sizes&quot;:[]},&quot;_transform_translateY_effect&quot;:{&quot;unit&quot;:&quot;px&quot;,&quot;size&quot;:&quot;&quot;,&quot;sizes&quot;:[]},&quot;_transform_translateY_effect_tablet&quot;:{&quot;unit&quot;:&quot;px&quot;,&quot;size&quot;:&quot;&quot;,&quot;sizes&quot;:[]},&quot;_transform_translateY_effect_mobile&quot;:{&quot;unit&quot;:&quot;px&quot;,&quot;size&quot;:&quot;&quot;,&quot;sizes&quot;:[]}}\" data-widget_type=\"image.default\">\n\t\t\t\t<div class=\"elementor-widget-container\">\n\t\t\t\t\t\t\t\t\t\t\t\t\t\t\t\t<a href=\"https:\/\/eabp.org\/\" target=\"_blank\">\n\t\t\t\t\t\t\t<img decoding=\"async\" src=\"https:\/\/cir-icbp.com\/novi-web\/wp-content\/uploads\/2024\/12\/EABP-VECTOR-LOGO.png\" title=\"EABP-VECTOR-LOGO\" alt=\"EABP-VECTOR-LOGO\" loading=\"lazy\" \/>\t\t\t\t\t\t\t\t<\/a>\n\t\t\t\t\t\t\t\t\t\t\t\t\t\t\t<\/div>\n\t\t\t\t<\/div>\n\t\t\t\t<div class=\"elementor-element elementor-element-200e81be elementor-widget elementor-widget-image\" data-id=\"200e81be\" data-element_type=\"widget\" data-e-type=\"widget\" data-widget_type=\"image.default\">\n\t\t\t\t<div class=\"elementor-widget-container\">\n\t\t\t\t\t\t\t\t\t\t\t\t\t\t\t\t<a href=\"https:\/\/eurotas.world\/\" target=\"_blank\">\n\t\t\t\t\t\t\t<img decoding=\"async\" width=\"476\" height=\"317\" src=\"https:\/\/cir-icbp.com\/novi-web\/wp-content\/uploads\/2024\/12\/EUROTAS-SYMBOL@2x.png\" class=\"attachment-large size-large wp-image-13393\" alt=\"\" srcset=\"https:\/\/cir-icbp.com\/novi-web\/wp-content\/uploads\/2024\/12\/EUROTAS-SYMBOL@2x.png 476w, https:\/\/cir-icbp.com\/novi-web\/wp-content\/uploads\/2024\/12\/EUROTAS-SYMBOL@2x-300x200.png 300w\" sizes=\"(max-width: 476px) 100vw, 476px\" \/>\t\t\t\t\t\t\t\t<\/a>\n\t\t\t\t\t\t\t\t\t\t\t\t\t\t\t<\/div>\n\t\t\t\t<\/div>\n\t\t\t\t<\/div>\n\t\t\t\t<\/div>\n\t\t\t\t<\/div>\n\t\t\t\t<\/div>\n\t\t","protected":false},"excerpt":{"rendered":"<p>JOVANA POPOVI\u0106 Svoje profesionalno iskustvo u radu sa telesnom psihoterapijom zapo\u010dela sam 2023. godine, a od 2025. godine deo sam tima Centra za integrativni razvoj u Beogradu, gde u\u010destvujem u edukaciji kao asistentkinja u nastavi. Posebno me zanimaju teme razvojne traume, emocionalne disocijacije, unutra\u0161njeg deteta, kao i kontakt i granice. Verujem da se kroz rad [&hellip;]<\/p>\n","protected":false},"author":2,"featured_media":0,"parent":22637,"menu_order":0,"comment_status":"closed","ping_status":"closed","template":"","meta":{"footnotes":""},"class_list":["post-22462","page","type-page","status-publish","hentry"],"_links":{"self":[{"href":"https:\/\/cir-icbp.com\/sr\/wp-json\/wp\/v2\/pages\/22462","targetHints":{"allow":["GET"]}}],"collection":[{"href":"https:\/\/cir-icbp.com\/sr\/wp-json\/wp\/v2\/pages"}],"about":[{"href":"https:\/\/cir-icbp.com\/sr\/wp-json\/wp\/v2\/types\/page"}],"author":[{"embeddable":true,"href":"https:\/\/cir-icbp.com\/sr\/wp-json\/wp\/v2\/users\/2"}],"replies":[{"embeddable":true,"href":"https:\/\/cir-icbp.com\/sr\/wp-json\/wp\/v2\/comments?post=22462"}],"version-history":[{"count":13,"href":"https:\/\/cir-icbp.com\/sr\/wp-json\/wp\/v2\/pages\/22462\/revisions"}],"predecessor-version":[{"id":22651,"href":"https:\/\/cir-icbp.com\/sr\/wp-json\/wp\/v2\/pages\/22462\/revisions\/22651"}],"up":[{"embeddable":true,"href":"https:\/\/cir-icbp.com\/sr\/wp-json\/wp\/v2\/pages\/22637"}],"wp:attachment":[{"href":"https:\/\/cir-icbp.com\/sr\/wp-json\/wp\/v2\/media?parent=22462"}],"curies":[{"name":"wp","href":"https:\/\/api.w.org\/{rel}","templated":true}]}}